{"id":1479,"date":"2023-12-07T08:48:33","date_gmt":"2023-12-07T08:48:33","guid":{"rendered":"https:\/\/photoseller.me\/imprint\/"},"modified":"2024-12-09T12:28:09","modified_gmt":"2024-12-09T12:28:09","slug":"imprint","status":"publish","type":"page","link":"https:\/\/photoseller.me\/es\/imprint\/","title":{"rendered":"Imprint"},"content":{"rendered":"\n<!-- Legal document generated by Complianz | GDPR\/CCPA Cookie Consent https:\/\/wordpress.org\/plugins\/complianz-gdpr -->\n<div id=\"cmplz-document\" class=\"cmplz-document impressum cmplz-document-all\"><p><i>Este aviso legal \/ imprint fue actualizado por \u00faltima vez el 9 de diciembre de 2024.<\/i><\/p><p class=\"cmplz-subtitle\">El propietario de esta web es:<\/p><p>NENASAL LLC LLC<br>Floor Suite #1268, Wilmington, Delaware 19801, United States<br>Estados Unidos<br>Correo electr\u00f3nico:&nbsp;<span class=\"cmplz-obfuscate\">of&#102;i&#099;e@<span class=\"cmplz-fmail-domain\">&#101;x&#046;co&#109;<\/span>ph&#111;t&#111;se&#108;&#108;er.co&#109;<\/span><br>N\u00famero de tel\u00e9fono: +1 773 900 6626<br><\/p><h2>1. General<\/h2><p>No estamos dispuestos ni obligados a participar en procedimientos de resoluci\u00f3n de conflictos ante una junta de arbitraje de consumo.<\/p><h2>2. La siguiente informaci\u00f3n es obligatoria seg\u00fan la legislaci\u00f3n alemana.<\/h2><\/div>\n","protected":false},"excerpt":{"rendered":"","protected":false},"author":1,"featured_media":0,"parent":0,"menu_order":0,"comment_status":"closed","ping_status":"closed","template":"","meta":{"footnotes":""},"class_list":["post-1479","page","type-page","status-publish","hentry"],"_links":{"self":[{"href":"https:\/\/photoseller.me\/es\/wp-json\/wp\/v2\/pages\/1479","targetHints":{"allow":["GET"]}}],"collection":[{"href":"https:\/\/photoseller.me\/es\/wp-json\/wp\/v2\/pages"}],"about":[{"href":"https:\/\/photoseller.me\/es\/wp-json\/wp\/v2\/types\/page"}],"author":[{"embeddable":true,"href":"https:\/\/photoseller.me\/es\/wp-json\/wp\/v2\/users\/1"}],"replies":[{"embeddable":true,"href":"https:\/\/photoseller.me\/es\/wp-json\/wp\/v2\/comments?post=1479"}],"version-history":[{"count":1,"href":"https:\/\/photoseller.me\/es\/wp-json\/wp\/v2\/pages\/1479\/revisions"}],"predecessor-version":[{"id":3176,"href":"https:\/\/photoseller.me\/es\/wp-json\/wp\/v2\/pages\/1479\/revisions\/3176"}],"wp:attachment":[{"href":"https:\/\/photoseller.me\/es\/wp-json\/wp\/v2\/media?parent=1479"}],"curies":[{"name":"wp","href":"https:\/\/api.w.org\/{rel}","templated":true}]}}