{"id":1478,"date":"2023-12-07T08:48:33","date_gmt":"2023-12-07T08:48:33","guid":{"rendered":"https:\/\/photoseller.me\/imprint\/"},"modified":"2024-12-09T12:28:08","modified_gmt":"2024-12-09T12:28:08","slug":"imprint","status":"publish","type":"page","link":"https:\/\/photoseller.me\/pt-pt\/imprint\/","title":{"rendered":"Imprint"},"content":{"rendered":"\n<!-- Legal document generated by Complianz | GDPR\/CCPA Cookie Consent https:\/\/wordpress.org\/plugins\/complianz-gdpr -->\n<div id=\"cmplz-document\" class=\"cmplz-document impressum cmplz-document-all\"><p><i>Este imprint foi atualizado pela \u00faltima vez em 9 de Dezembro, 2024.<\/i><\/p><p class=\"cmplz-subtitle\">O propriet\u00e1rio deste site \u00e9:<\/p><p>NENASAL LLC LLC<br>Floor Suite #1268, Wilmington, Delaware 19801, United States<br>Estados Unidos<br>E-mail:&nbsp;<span class=\"cmplz-obfuscate\">o&#102;&#102;i&#099;&#101;@<span class=\"cmplz-fmail-domain\">&#101;x&#046;c&#111;&#109;<\/span>ph&#111;&#116;&#111;&#115;ell&#101;&#114;&#046;com<\/span><br>Telefone: +1 773 900 6626<br><\/p><h2>1. Geral<\/h2><p>N\u00e3o estamos dispostos ou somos obrigados a participar de procedimentos de resolu\u00e7\u00e3o de lit\u00edgios perante um conselho de arbitragem de consumidores.<\/p><h2>2. As seguintes informa\u00e7\u00f5es a s\u00e3o obrigat\u00f3rias de acordo com a lei alem\u00e3.<\/h2><\/div>\n","protected":false},"excerpt":{"rendered":"","protected":false},"author":1,"featured_media":0,"parent":0,"menu_order":0,"comment_status":"closed","ping_status":"closed","template":"","meta":{"footnotes":""},"class_list":["post-1478","page","type-page","status-publish","hentry"],"_links":{"self":[{"href":"https:\/\/photoseller.me\/pt-pt\/wp-json\/wp\/v2\/pages\/1478","targetHints":{"allow":["GET"]}}],"collection":[{"href":"https:\/\/photoseller.me\/pt-pt\/wp-json\/wp\/v2\/pages"}],"about":[{"href":"https:\/\/photoseller.me\/pt-pt\/wp-json\/wp\/v2\/types\/page"}],"author":[{"embeddable":true,"href":"https:\/\/photoseller.me\/pt-pt\/wp-json\/wp\/v2\/users\/1"}],"replies":[{"embeddable":true,"href":"https:\/\/photoseller.me\/pt-pt\/wp-json\/wp\/v2\/comments?post=1478"}],"version-history":[{"count":1,"href":"https:\/\/photoseller.me\/pt-pt\/wp-json\/wp\/v2\/pages\/1478\/revisions"}],"predecessor-version":[{"id":3175,"href":"https:\/\/photoseller.me\/pt-pt\/wp-json\/wp\/v2\/pages\/1478\/revisions\/3175"}],"wp:attachment":[{"href":"https:\/\/photoseller.me\/pt-pt\/wp-json\/wp\/v2\/media?parent=1478"}],"curies":[{"name":"wp","href":"https:\/\/api.w.org\/{rel}","templated":true}]}}