{"id":3200,"date":"2024-12-09T12:28:02","date_gmt":"2024-12-09T12:28:02","guid":{"rendered":"https:\/\/photoseller.me\/privacy-statement-eu\/"},"modified":"2024-12-09T13:09:10","modified_gmt":"2024-12-09T13:09:10","slug":"privacy-statement-eu","status":"publish","type":"page","link":"https:\/\/photoseller.me\/sr\/privacy-statement-eu\/","title":{"rendered":"Izjava o privatnosti"},"content":{"rendered":"\t\t<div data-elementor-type=\"wp-page\" data-elementor-id=\"3200\" class=\"elementor elementor-3200 elementor-3196\" data-elementor-post-type=\"page\">\n\t\t\t\t<div class=\"elementor-element elementor-element-34363b4 e-flex e-con-boxed e-con e-parent\" data-id=\"34363b4\" data-element_type=\"container\" data-e-type=\"container\" data-settings=\"{&quot;_ob_use_container_extras&quot;:&quot;no&quot;,&quot;_ob_column_hoveranimator&quot;:&quot;no&quot;,&quot;_ob_glider_is_slider&quot;:&quot;no&quot;,&quot;_ob_column_has_pseudo&quot;:&quot;no&quot;}\">\n\t\t\t\t\t<div class=\"e-con-inner\">\n\t\t\t\t<div class=\"elementor-element elementor-element-c1c5a97 ob-harakiri-inherit ob-has-background-overlay elementor-widget elementor-widget-heading\" data-id=\"c1c5a97\" data-element_type=\"widget\" data-e-type=\"widget\" data-settings=\"{&quot;_ob_use_harakiri&quot;:&quot;yes&quot;,&quot;_ob_harakiri_writing_mode&quot;:&quot;inherit&quot;,&quot;_ob_harakiri_text_clip&quot;:&quot;none&quot;,&quot;_ob_perspektive_use&quot;:&quot;no&quot;,&quot;_ob_poopart_use&quot;:&quot;yes&quot;,&quot;_ob_shadough_use&quot;:&quot;no&quot;,&quot;_ob_allow_hoveranimator&quot;:&quot;no&quot;,&quot;_ob_widget_stalker_use&quot;:&quot;no&quot;}\" data-widget_type=\"heading.default\">\n\t\t\t\t<div class=\"elementor-widget-container\">\n\t\t\t\t\t<h2 class=\"elementor-heading-title elementor-size-default\">Politika privatnosti<\/h2>\t\t\t\t<\/div>\n\t\t\t\t<\/div>\n\t\t\t\t<div class=\"elementor-element elementor-element-340d747c ob-has-background-overlay elementor-widget elementor-widget-shortcode\" data-id=\"340d747c\" data-element_type=\"widget\" data-e-type=\"widget\" data-settings=\"{&quot;_ob_perspektive_use&quot;:&quot;no&quot;,&quot;_ob_poopart_use&quot;:&quot;yes&quot;,&quot;_ob_shadough_use&quot;:&quot;no&quot;,&quot;_ob_allow_hoveranimator&quot;:&quot;no&quot;,&quot;_ob_widget_stalker_use&quot;:&quot;no&quot;}\" data-widget_type=\"shortcode.default\">\n\t\t\t\t<div class=\"elementor-widget-container\">\n\t\t\t\t\t\t\t<div class=\"elementor-shortcode\">\n<!-- Legal document generated by Complianz | GDPR\/CCPA Cookie Consent https:\/\/wordpress.org\/plugins\/complianz-gdpr -->\n<div id=\"cmplz-document\" class=\"cmplz-document privacy-statement cmplz-document-eu\"><p><i>Ova izjava o privatnosti je posljednji put a\u017eurirana na 9. Decembar 2024. i odnosi se na gra\u0111ane i pravne stalne stanovnike Evropske Ekonomske Regije i \u0160vajcarske.<\/i><br \/><br \/><\/p><p><p>U ovoj izjavi o privatnosti obja\u0161njavamo \u0161ta radimo sa podacima koje dobijamo o vama putem <a href=\"https:\/\/photoseller.me\/sr\/\">https:\/\/photoseller.me\/sr\/<\/a>. Preporu\u010dujemo da pa\u017eljivo pro\u010ditate ovu izjavu. U na\u0161oj obradi po\u0161tujemo zahtjeve zakonodavstva o privatnosti. To izme\u0111u ostalog zna\u010di da:<\/p><ul>\n                <li>jasno izla\u017eemo svrhe za koje obra\u0111ujemo li\u010dne podatke. Ovo radimo ovim Izjavama o privatnosti;<\/li>\n                <li>cilj nam je ograni\u010diti na\u0161e prikupljanje li\u010dnih podataka samo na li\u010dne podatke potrebne za legitimne svrhe;<\/li>\n                <li>mi prvo tra\u017eimo va\u0161u izri\u010ditu saglasnost za obradu va\u0161ih li\u010dnih podataka u slu\u010dajevima koji zahtijevaju va\u0161 pristanak;<\/li>\n                <li>poduzimamo odgovaraju\u0107e sigurnosne mjere kako bismo za\u0161titili va\u0161e li\u010dne podatke i tako\u0111er to zahtijevamo od stranaka koje obra\u0111uju li\u010dne podatke u na\u0161e ime;<\/li>\n                <li>po\u0161tujemo Va\u0161e pravo na pristup Va\u0161im li\u010dnim podacima ili da ih ispravimo ili izbri\u0161emo, na Va\u0161 zahtjev.<\/li>\n            <\/ul><p>Ako imate bilo kakva pitanja, ili \u017eelite znati koje ta\u010dno podatke \u010duvamo od Vas, molimo Vas da nas kontaktirate.<\/p><\/p><h2>1. Svrha, podaci i period zadr\u017eavanja<\/h2>Mo\u017eemo prikupljati ili primati li\u010dne podatke u vi\u0161e svrha povezanih sa na\u0161im poslovanjem, \u0161to mo\u017ee uklju\u010divati slede\u0107e: (kliknite za vi\u0161e)<details class=\"cmplz-dropdown dropdown-privacy-statement\"><summary><div><h3>1.1 Kontakt - Putem telefona, po\u0161te, e-po\u0161te i\/ili web-oblika<\/h3><\/div><\/summary><p class=\"cmplz-subtitle\">U tu svrhu koristimo sljede\u0107e podatke:<\/p><p><ul><li>Ime i prezime<\/li><li>Korisni\u010dko ime ili pseudonim<\/li><li>Ku\u0107nu ili drugu fizi\u010dku adresu, uklju\u010duju\u0107i naziv ulice i ime grada ili grada<\/li><li>Email adresa<\/li><li>Broj telefona<\/li><\/ul><\/p><p class=\"cmplz-subtitle\">Osnova na kojoj mo\u017eemo obraditi ove podatke je:<\/p><p><a target=\"_blank\" rel=\"noopener noreferrer nofollow\" href=\"https:\/\/cookiedatabase.org\/legal-bases\/#consent\">Po davanju saglasnosti.<\/a><\/p><p class=\"cmplz-subtitle\">Period zadr\u017eavanja<\/p><p>Ove podatke \u0107emo zadr\u017eati dok usluga ne bude prekinuta.<\/p><\/details><details class=\"cmplz-dropdown dropdown-privacy-statement\"><summary><div><h3>1.2 Isplate<\/h3><\/div><\/summary><p class=\"cmplz-subtitle\">U tu svrhu koristimo sljede\u0107e podatke:<\/p><p><ul><li>Ime i prezime<\/li><li>Korisni\u010dko ime ili pseudonim<\/li><li>Ku\u0107nu ili drugu fizi\u010dku adresu, uklju\u010duju\u0107i naziv ulice i ime grada ili grada<\/li><li>Email adresa<\/li><li>Broj telefona<\/li><li>IP Adresa<\/li><li>Informacije o aktivnostima interneta, uklju\u010duju\u0107i, ali ne ograni\u010davaju\u0107i se na, istoriju pretra\u017eivanja i informacije u vezi interakcije potro\u0161a\u010da sa Internet web-stranicom, aplikacijom ili reklamom<\/li><\/ul><\/p><p class=\"cmplz-subtitle\">Osnova na kojoj mo\u017eemo obraditi ove podatke je:<\/p><p><a target=\"_blank\" rel=\"noopener noreferrer nofollow\" href=\"https:\/\/cookiedatabase.org\/legal-bases\/#consent\">Po davanju saglasnosti.<\/a><\/p><p class=\"cmplz-subtitle\">Period zadr\u017eavanja<\/p><p>Ove podatke \u0107emo zadr\u017eati dok usluga ne bude prekinuta.<\/p><\/details><details class=\"cmplz-dropdown dropdown-privacy-statement\"><summary><div><h3>1.3 Registracija ra\u010duna<\/h3><\/div><\/summary><p class=\"cmplz-subtitle\">U tu svrhu koristimo sljede\u0107e podatke:<\/p><p><ul><li>Ime i prezime<\/li><li>Korisni\u010dko ime ili pseudonim<\/li><li>Ku\u0107nu ili drugu fizi\u010dku adresu, uklju\u010duju\u0107i naziv ulice i ime grada ili grada<\/li><li>Email adresa<\/li><li>Broj telefona<\/li><\/ul><\/p><p class=\"cmplz-subtitle\">Osnova na kojoj mo\u017eemo obraditi ove podatke je:<\/p><p><a target=\"_blank\" rel=\"noopener noreferrer nofollow\" href=\"https:\/\/cookiedatabase.org\/legal-bases\/#consent\">Po davanju saglasnosti.<\/a><\/p><p class=\"cmplz-subtitle\">Period zadr\u017eavanja<\/p><p>Ove podatke \u0107emo zadr\u017eati dok usluga ne bude prekinuta.<\/p><\/details><details class=\"cmplz-dropdown dropdown-privacy-statement\"><summary><div><h3>1.4 Bilteni<\/h3><\/div><\/summary><p class=\"cmplz-subtitle\">U tu svrhu koristimo sljede\u0107e podatke:<\/p><p><ul><li>Ime i prezime<\/li><li>Korisni\u010dko ime ili pseudonim<\/li><li>Ku\u0107nu ili drugu fizi\u010dku adresu, uklju\u010duju\u0107i naziv ulice i ime grada ili grada<\/li><li>Email adresa<\/li><li>Broj telefona<\/li><\/ul><\/p><p class=\"cmplz-subtitle\">Osnova na kojoj mo\u017eemo obraditi ove podatke je:<\/p><p><a target=\"_blank\" rel=\"noopener noreferrer nofollow\" href=\"https:\/\/cookiedatabase.org\/legal-bases\/#consent\">Po davanju saglasnosti.<\/a><\/p><p class=\"cmplz-subtitle\">Period zadr\u017eavanja<\/p><p>Ove podatke \u0107emo zadr\u017eati dok usluga ne bude prekinuta.<\/p><\/details><details class=\"cmplz-dropdown dropdown-privacy-statement\"><summary><div><h3>1.5 Za podr\u0161ku uslugama ili proizvodima koje kupac \u017eeli kupiti ili je kupio<\/h3><\/div><\/summary><p class=\"cmplz-subtitle\">U tu svrhu koristimo sljede\u0107e podatke:<\/p><p><ul><li>Ime i prezime<\/li><li>Korisni\u010dko ime ili pseudonim<\/li><li>Ku\u0107nu ili drugu fizi\u010dku adresu, uklju\u010duju\u0107i naziv ulice i ime grada ili grada<\/li><li>Email adresa<\/li><li>Broj telefona<\/li><\/ul><\/p><p class=\"cmplz-subtitle\">Osnova na kojoj mo\u017eemo obraditi ove podatke je:<\/p><p><a target=\"_blank\" rel=\"noopener noreferrer nofollow\" href=\"https:\/\/cookiedatabase.org\/legal-bases\/#consent\">Po davanju saglasnosti.<\/a><\/p><p class=\"cmplz-subtitle\">Period zadr\u017eavanja<\/p><p>Ove podatke \u0107emo zadr\u017eati dok usluga ne bude prekinuta.<\/p><\/details><details class=\"cmplz-dropdown dropdown-privacy-statement\"><summary><div><h3>1.6 Sa\u010dinjavanje i analiziranje statistike za pobolj\u0161anje web stranice.<\/h3><\/div><\/summary><p class=\"cmplz-subtitle\">U tu svrhu koristimo sljede\u0107e podatke:<\/p><p><ul><li>Ime i prezime<\/li><li>Korisni\u010dko ime ili pseudonim<\/li><li>Ku\u0107nu ili drugu fizi\u010dku adresu, uklju\u010duju\u0107i naziv ulice i ime grada ili grada<\/li><li>Email adresa<\/li><li>Broj telefona<\/li><\/ul><\/p><p class=\"cmplz-subtitle\">Osnova na kojoj mo\u017eemo obraditi ove podatke je:<\/p><p><a target=\"_blank\" rel=\"noopener noreferrer nofollow\" href=\"https:\/\/cookiedatabase.org\/legal-bases\/#consent\">Po davanju saglasnosti.<\/a><\/p><p class=\"cmplz-subtitle\">Period zadr\u017eavanja<\/p><p>Ove podatke \u0107emo zadr\u017eati dok usluga ne bude prekinuta.<\/p><\/details><h2>2. Kola\u010di\u0107i<\/h2><p>Na\u0161a web stranica koristi kola\u010di\u0107e. Za vi\u0161e informacija o kola\u010di\u0107ima, molimo Vas da se obratite na\u0161oj <a href=\"https:\/\/photoseller.me\/bs\/cookie-declaration\/\">Politika kola\u010di\u0107a<\/a>.&nbsp;<\/p><h2>3. Praksa otkrivanja<\/h2><p><p>Otkrivamo li\u010dne podatke ako se od nas zahtijeva zakon ili sudski nalog, kao odgovor organu za provo\u0111enje zakona, u mjeri u kojoj je to dozvoljeno drugim odredbama zakona, za pru\u017eanje informacija ili za istragu o pitanju koje se odnosi na javnu sigurnost.<\/p><p>Ako je na\u0161a web stranica ili organizacija preuzeta, prodana ili uklju\u010dena u spajanje ili akviziciju, va\u0161i podaci mogu biti otkriveni na\u0161im savjetnicima i svim potencijalnim kupcima i bit \u0107e proslije\u0111eni novim vlasnicima.<\/p><\/p><p>Sa Google-om smo zaklju\u010dili Ugovor o obradi podataka.<\/p><p>Google mo\u017eda ne\u0107e koristiti podatke za bilo koje druge Google usluge.<\/p><p>Uklju\u010divanje punih IP adresa je blokirano od strane nas.<\/p><h2>4. Sigurnost<\/h2><p>Predani smo sigurnosti li\u010dnih podataka. Poduzimamo odgovaraju\u0107e sigurnosne mjere da ograni\u010dimo zloupotrebu i neovla\u0161ten pristup li\u010dnim podacima. To osigurava da samo potrebne osobe imaju pristup va\u0161im podacima, da je pristup podacima za\u0161ti\u0107en, te da se na\u0161e sigurnosne mjere redovno pregledaju.<\/p><h2>5. Web stranice tre\u0107e strane<\/h2><p>Ova izjava o privatnosti se ne odnosi na web stranice tre\u0107ih strana povezane linkovima na na\u0161oj web stranici. Ne mo\u017eemo garantovati da ove tre\u0107e strane rukuju va\u0161im li\u010dnim podacima na pouzdan ili siguran na\u010din. Preporu\u010dujemo da pro\u010ditate izjave o privatnosti ovih web stranica prije upotrebe ovih web stranica.<\/p><h2>6. Amandmani na ovu izjavu o privatnosti<\/h2><p>Zadr\u017eavamo pravo da napravimo amandmane na ovu izjavu o privatnosti. Preporu\u010duje se da redovno konsultujte ovu izjavu o privatnosti kako biste bili svjesni bilo kakve promjene. Osim toga, aktivno \u0107emo vas obavijestiti gdje god je to mogu\u0107e.<\/p><h2>7. Pristupanje i izmjena va\u0161ih podataka<\/h2><p>Ako imate pitanja ili \u017eelite znati koje li\u010dne podatke imamo o Vama, molimo Vas da nas kontaktirate. Mo\u017eete nas kontaktirati koriste\u0107i informacije u nastavku. Imate sljede\u0107a prava:<\/p><ul>\n                <li>Imate pravo da znate za\u0161to su potrebni va\u0161i li\u010dni podaci, \u0161ta \u0107e biti sa njima, i koliko dugo \u0107e se zadr\u017eati.<\/li>\n                <li>Pravo na pristup: Imate pravo pristupa va\u0161im li\u010dnim podacima koji su nam poznati.<\/li>\n                <li>Pravo na ispravak: imate pravo dopuniti, ispraviti, obrisati ili blokirati va\u0161e osobne podatke kad god \u017eelite.<\/li>\n                <li>Ako nam date va\u0161u saglasnost za obradu va\u0161ih podataka, imate pravo da opozvate tu saglasnost i da va\u0161e li\u010dne podatke obri\u0161ete.<\/li>\n                <li>Pravo na prijenos va\u0161ih podataka: imate pravo zatra\u017eiti sve va\u0161e li\u010dne podatke od kontrolora i prenijeti ih u potpunosti drugom kontroloru.<\/li>\n                <li>Pravo na prigovor: mo\u017eete se protiviti obradi va\u0161ih podataka. Mi po\u0161tujemo ovo, osim ako nema opravdanih osnova za obradu.<\/li>\n            <\/ul><p>Molimo Vas da se pobrinete da uvijek jasno ka\u017eete ko ste, kako bismo bili sigurni da ne mijenjamo ili bri\u0161emo bilo kakve podatke pogre\u0161ne osobe.<\/p><h2>8. Podno\u0161enje \u017ealbe<\/h2><p>Ukoliko niste zadovoljni na\u010dinom na koji se mi rukujemo (pritu\u017ebom na) obradu Va\u0161ih li\u010dnih podataka, imate pravo podnijeti pritu\u017ebu u Upravu za za\u0161titu podataka.<\/p><h2>9. Kontakt detalji<\/h2><p>NENASAL LLC<br \/>\n        Floor Suite #1268, Wilmington, Delaware 19801, United States<br \/>\n        Sjedinjene Dr\u017eave<br \/>\n        Web stranica: <a href=\"https:\/\/photoseller.me\/sr\/\">https:\/\/photoseller.me\/sr\/<\/a> <br \/>\n        Email: <span class=\"cmplz-obfuscate\">of&#102;i&#099;e@<span class=\"cmplz-fmail-domain\">&#101;&#120;&#046;com<\/span>pho&#116;o&#115;&#101;l&#108;&#101;&#114;.&#099;om<\/span> <br \/>\n        Phone number: +1 773 900 6626<\/p><\/div><\/div>\n\t\t\t\t\t\t<\/div>\n\t\t\t\t<\/div>\n\t\t\t\t\t<\/div>\n\t\t\t\t<\/div>\n\t\t\t\t<\/div>\n\t\t","protected":false},"excerpt":{"rendered":"<p>Politika privatnosti<\/p>\n","protected":false},"author":1,"featured_media":0,"parent":0,"menu_order":0,"comment_status":"closed","ping_status":"closed","template":"elementor_header_footer","meta":{"footnotes":""},"class_list":["post-3200","page","type-page","status-publish","hentry"],"_links":{"self":[{"href":"https:\/\/photoseller.me\/sr\/wp-json\/wp\/v2\/pages\/3200","targetHints":{"allow":["GET"]}}],"collection":[{"href":"https:\/\/photoseller.me\/sr\/wp-json\/wp\/v2\/pages"}],"about":[{"href":"https:\/\/photoseller.me\/sr\/wp-json\/wp\/v2\/types\/page"}],"author":[{"embeddable":true,"href":"https:\/\/photoseller.me\/sr\/wp-json\/wp\/v2\/users\/1"}],"replies":[{"embeddable":true,"href":"https:\/\/photoseller.me\/sr\/wp-json\/wp\/v2\/comments?post=3200"}],"version-history":[{"count":14,"href":"https:\/\/photoseller.me\/sr\/wp-json\/wp\/v2\/pages\/3200\/revisions"}],"predecessor-version":[{"id":3310,"href":"https:\/\/photoseller.me\/sr\/wp-json\/wp\/v2\/pages\/3200\/revisions\/3310"}],"wp:attachment":[{"href":"https:\/\/photoseller.me\/sr\/wp-json\/wp\/v2\/media?parent=3200"}],"curies":[{"name":"wp","href":"https:\/\/api.w.org\/{rel}","templated":true}]}}