{"id":540,"date":"2023-12-07T08:48:33","date_gmt":"2023-12-07T08:48:33","guid":{"rendered":"https:\/\/photoseller.me\/privacy-statement-us\/"},"modified":"2024-12-09T12:28:03","modified_gmt":"2024-12-09T12:28:03","slug":"privacy-statement-us","status":"publish","type":"page","link":"https:\/\/photoseller.me\/sr\/privacy-statement-us\/","title":{"rendered":"Privacy Statement (US)"},"content":{"rendered":"\t\t<div data-elementor-type=\"wp-page\" data-elementor-id=\"540\" class=\"elementor elementor-540 elementor-269\" data-elementor-post-type=\"page\">\n\t\t\t\t<div class=\"elementor-element elementor-element-195792d4 e-flex e-con-boxed e-con e-parent\" data-id=\"195792d4\" data-element_type=\"container\" data-e-type=\"container\" data-settings=\"{&quot;_ob_use_container_extras&quot;:&quot;no&quot;,&quot;_ob_column_hoveranimator&quot;:&quot;no&quot;,&quot;_ob_glider_is_slider&quot;:&quot;no&quot;,&quot;_ob_column_has_pseudo&quot;:&quot;no&quot;}\">\n\t\t\t\t\t<div class=\"e-con-inner\">\n\t\t\t\t<div class=\"elementor-element elementor-element-c0a0087 ob-harakiri-inherit ob-has-background-overlay elementor-widget elementor-widget-heading\" data-id=\"c0a0087\" data-element_type=\"widget\" data-e-type=\"widget\" data-settings=\"{&quot;_ob_use_harakiri&quot;:&quot;yes&quot;,&quot;_ob_harakiri_writing_mode&quot;:&quot;inherit&quot;,&quot;_ob_harakiri_text_clip&quot;:&quot;none&quot;,&quot;_ob_perspektive_use&quot;:&quot;no&quot;,&quot;_ob_poopart_use&quot;:&quot;yes&quot;,&quot;_ob_shadough_use&quot;:&quot;no&quot;,&quot;_ob_allow_hoveranimator&quot;:&quot;no&quot;,&quot;_ob_widget_stalker_use&quot;:&quot;no&quot;}\" data-widget_type=\"heading.default\">\n\t\t\t\t<div class=\"elementor-widget-container\">\n\t\t\t\t\t<h2 class=\"elementor-heading-title elementor-size-default\">Privacy Statement (US)<\/h2>\t\t\t\t<\/div>\n\t\t\t\t<\/div>\n\t\t\t\t<div class=\"elementor-element elementor-element-6a5c427f ob-has-background-overlay elementor-widget elementor-widget-shortcode\" data-id=\"6a5c427f\" data-element_type=\"widget\" data-e-type=\"widget\" data-settings=\"{&quot;_ob_perspektive_use&quot;:&quot;no&quot;,&quot;_ob_poopart_use&quot;:&quot;yes&quot;,&quot;_ob_shadough_use&quot;:&quot;no&quot;,&quot;_ob_allow_hoveranimator&quot;:&quot;no&quot;,&quot;_ob_widget_stalker_use&quot;:&quot;no&quot;}\" data-widget_type=\"shortcode.default\">\n\t\t\t\t<div class=\"elementor-widget-container\">\n\t\t\t\t\t\t\t<div class=\"elementor-shortcode\">\n<!-- Legal document generated by Complianz | GDPR\/CCPA Cookie Consent https:\/\/wordpress.org\/plugins\/complianz-gdpr -->\n<div id=\"cmplz-document\" class=\"cmplz-document privacy-statement cmplz-document-us\"><p><i>This privacy statement was last changed on 9. Decembar 2024., last checked on 9. Decembar 2024., and applies to citizens and legal permanent residents of the United States.<\/i><br \/><br \/><\/p><p>In this privacy statement, we explain what we do with the data we obtain about you via <a href=\"https:\/\/photoseller.me\/sr\/\">https:\/\/photoseller.me\/sr\/<\/a>. We recommend you carefully read this statement. In our processing we comply with the requirements of privacy legislation. That means, among other things, that:<ul>\n                <li>we clearly state the purposes for which we process personal data. We do this by means of this privacy statement;<\/li>\n                <li>we aim to limit our collection of personal data to only the personal data required for legitimate purposes;<\/li>\n                <li>we first request your explicit consent to process your personal data in cases requiring your consent;<\/li>\n                <li>we take appropriate security measures to protect your personal data and also require this from parties that process personal data on our behalf;<\/li>\n                <li>we respect your right to access your personal data or have it corrected or deleted, at your request.<\/li>\n            <\/ul><\/p><p>If you have any questions, or want to know exactly what data we keep of you, please contact us.<\/p><h2>1. Svrhe i kategorije podataka<\/h2><p>Mo\u017eemo prikupljati ili primati li\u010dne podatke u vi\u0161e svrha povezanih sa na\u0161im poslovanjem, \u0161to mo\u017ee uklju\u010divati slede\u0107e: (kliknite za vi\u0161e)<\/b><\/p><details class=\"cmplz-dropdown dropdown-privacy-statement\"><summary><div><h3>1.1 Kontakt - Putem telefona, po\u0161te, e-po\u0161te i\/ili web-oblika<\/h3><\/div><\/summary><p class=\"cmplz-subtitle\">Prikupljaju se sljede\u0107e kategorije podataka<\/p><p><ul><li>Ime i prezime<\/li><li>Korisni\u010dko ime ili pseudonim<\/li><li>Ku\u0107nu ili drugu fizi\u010dku adresu, uklju\u010duju\u0107i naziv ulice i ime grada ili grada<\/li><li>Email adresa<\/li><li>Broj telefona<\/li><\/ul><\/p><p class=\"cmplz-subtitle\">Period zadr\u017eavanja<\/p><p>Ove podatke \u0107emo zadr\u017eati dok usluga ne bude prekinuta.<\/p><\/details><details class=\"cmplz-dropdown dropdown-privacy-statement\"><summary><div><h3>1.2 Isplate<\/h3><\/div><\/summary><p class=\"cmplz-subtitle\">Prikupljaju se sljede\u0107e kategorije podataka<\/p><p><ul><li>Ime i prezime<\/li><li>Korisni\u010dko ime ili pseudonim<\/li><li>Ku\u0107nu ili drugu fizi\u010dku adresu, uklju\u010duju\u0107i naziv ulice i ime grada ili grada<\/li><li>Email adresa<\/li><li>Broj telefona<\/li><li>IP Adresa<\/li><li>Informacije o aktivnostima interneta, uklju\u010duju\u0107i, ali ne ograni\u010davaju\u0107i se na, istoriju pretra\u017eivanja i informacije u vezi interakcije potro\u0161a\u010da sa Internet web-stranicom, aplikacijom ili reklamom<\/li><\/ul><\/p><p class=\"cmplz-subtitle\">Period zadr\u017eavanja<\/p><p>Ove podatke \u0107emo zadr\u017eati dok usluga ne bude prekinuta.<\/p><\/details><details class=\"cmplz-dropdown dropdown-privacy-statement\"><summary><div><h3>1.3 Registracija ra\u010duna<\/h3><\/div><\/summary><p class=\"cmplz-subtitle\">Prikupljaju se sljede\u0107e kategorije podataka<\/p><p><ul><li>Ime i prezime<\/li><li>Korisni\u010dko ime ili pseudonim<\/li><li>Ku\u0107nu ili drugu fizi\u010dku adresu, uklju\u010duju\u0107i naziv ulice i ime grada ili grada<\/li><li>Email adresa<\/li><li>Broj telefona<\/li><\/ul><\/p><p class=\"cmplz-subtitle\">Period zadr\u017eavanja<\/p><p>Ove podatke \u0107emo zadr\u017eati dok usluga ne bude prekinuta.<\/p><\/details><details class=\"cmplz-dropdown dropdown-privacy-statement\"><summary><div><h3>1.4 Bilteni<\/h3><\/div><\/summary><p class=\"cmplz-subtitle\">Prikupljaju se sljede\u0107e kategorije podataka<\/p><p><ul><li>Ime i prezime<\/li><li>Korisni\u010dko ime ili pseudonim<\/li><li>Ku\u0107nu ili drugu fizi\u010dku adresu, uklju\u010duju\u0107i naziv ulice i ime grada ili grada<\/li><li>Email adresa<\/li><li>Broj telefona<\/li><\/ul><\/p><p class=\"cmplz-subtitle\">Period zadr\u017eavanja<\/p><p>Ove podatke \u0107emo zadr\u017eati dok usluga ne bude prekinuta.<\/p><\/details><details class=\"cmplz-dropdown dropdown-privacy-statement\"><summary><div><h3>1.5 Za podr\u0161ku uslugama ili proizvodima koje kupac \u017eeli kupiti ili je kupio<\/h3><\/div><\/summary><p class=\"cmplz-subtitle\">Prikupljaju se sljede\u0107e kategorije podataka<\/p><p><ul><li>Ime i prezime<\/li><li>Korisni\u010dko ime ili pseudonim<\/li><li>Ku\u0107nu ili drugu fizi\u010dku adresu, uklju\u010duju\u0107i naziv ulice i ime grada ili grada<\/li><li>Email adresa<\/li><li>Broj telefona<\/li><\/ul><\/p><p class=\"cmplz-subtitle\">Period zadr\u017eavanja<\/p><p>Ove podatke \u0107emo zadr\u017eati dok usluga ne bude prekinuta.<\/p><\/details><details class=\"cmplz-dropdown dropdown-privacy-statement\"><summary><div><h3>1.6 Sa\u010dinjavanje i analiziranje statistike za pobolj\u0161anje web stranice.<\/h3><\/div><\/summary><p class=\"cmplz-subtitle\">Prikupljaju se sljede\u0107e kategorije podataka<\/p><p><ul><li>Ime i prezime<\/li><li>Korisni\u010dko ime ili pseudonim<\/li><li>Ku\u0107nu ili drugu fizi\u010dku adresu, uklju\u010duju\u0107i naziv ulice i ime grada ili grada<\/li><li>Email adresa<\/li><li>Broj telefona<\/li><\/ul><\/p><p class=\"cmplz-subtitle\">Period zadr\u017eavanja<\/p><p>Ove podatke \u0107emo zadr\u017eati dok usluga ne bude prekinuta.<\/p><\/details><h2>2. Disclosure practices<\/h2><p><p>Otkrivamo li\u010dne podatke ako se od nas zahtijeva zakon ili sudski nalog, kao odgovor organu za provo\u0111enje zakona, u mjeri u kojoj je to dozvoljeno drugim odredbama zakona, za pru\u017eanje informacija ili za istragu o pitanju koje se odnosi na javnu sigurnost.<\/p><p>Ako je na\u0161a web stranica ili organizacija preuzeta, prodana ili uklju\u010dena u spajanje ili akviziciju, va\u0161i podaci mogu biti otkriveni na\u0161im savjetnicima i svim potencijalnim kupcima i bit \u0107e proslije\u0111eni novim vlasnicima.<\/p><\/p><h2>3. How we respond to Do Not Track signals &amp; Global Privacy Control <\/h2><p>Our website responds to and supports the Do Not Track (DNT) header request field. If you turn DNT on in your browser, those preferences are communicated to us in the HTTP request header, and we will not track your browsing behavior.<\/p><h2>4. Cookies<\/h2><p>Our website uses cookies. For more information about cookies, please refer to our Cookie Policy on our <a href=\"https:\/\/photoseller.me\/bs\/cookie-declaration\/\">Politika kola\u010di\u0107a<\/a> webpage.&nbsp;<\/p><p>We have concluded a data processing agreement with Google.<\/p><p>Google may not use the data for any other Google services.<\/p><p>The inclusion of full IP addresses is blocked by us.<\/p><h2>5. Security<\/h2><p>We are committed to the security of personal data. We take appropriate security measures to limit abuse of and unauthorized access to personal data. This ensures that only the necessary persons have access to your data, that access to the data is protected, and that our security measures are regularly reviewed.<\/p><h2>6. Third-party websites<\/h2><p>This privacy statement does not apply to third-party websites connected by links on our website. We cannot guarantee that these third parties handle your personal data in a reliable or secure manner. We recommend you read the privacy statements of these websites prior to making use of these websites.<\/p><h2>7. Amendments to this privacy statement<\/h2><p>We reserve the right to make amendments to this privacy statement. It is recommended that you consult this privacy statement regularly in order to be aware of any changes. In addition, we will actively inform you wherever possible.<\/p><h2>8. Accessing and modifying your data<\/h2><p>If you have any questions or want to know which personal data we have about you, please contact us. Please make sure to always clearly state who you are, so that we can be certain that we do not modify or delete any data of the wrong person. We shall provide the requested information only upon receipt of a verifiable consumer request. You can contact us by using the information below. You have the following rights:<\/p><p class=\"cmplz-subtitle\">8.1 You have the following rights with respect to your personal data<\/p><ol class=\"alphabetic\">\n                        <li>You may submit a request for access to the data we process about you.<\/li>\n                        <li>You may object to the processing.<\/li>\n                        <li>You may request an overview, in a commonly used format, of the data we process about you.<\/li>\n                        <li>You may request correction or deletion of the data if it is incorrect or not or no longer relevant, or to ask to restrict the processing of the data.<\/li>\n                        <li>You may appeal our decision whenever we refuse to take action on a request and submit a complaint with the competent authority if your appeal is denied.<\/li>\n                      <\/ol><h2>9. Children<\/h2><p>Our website is not designed to attract children and it is not our intent to collect personal data from children under the age of consent in their country of residence. We therefore request that children under the age of consent do not submit any personal data to us.<\/p><h2>10. Contact details<\/h2><p>NENASAL LLC<br \/>\n        Floor Suite #1268, Wilmington, Delaware 19801, United States<br \/>\n        Sjedinjene Dr\u017eave<br \/>\n        Website: <a href=\"https:\/\/photoseller.me\/sr\/\">https:\/\/photoseller.me\/sr\/<\/a> <br \/>\n        Email: <span class=\"cmplz-obfuscate\">o&#102;fic&#101;@<span class=\"cmplz-fmail-domain\">e&#120;.c&#111;&#109;<\/span>phot&#111;&#115;eller.com<\/span> <br \/>\n        <br \/>\n        Phone number: +1 773 900 6626<\/p><\/div><\/div>\n\t\t\t\t\t\t<\/div>\n\t\t\t\t<\/div>\n\t\t\t\t\t<\/div>\n\t\t\t\t<\/div>\n\t\t\t\t<\/div>\n\t\t","protected":false},"excerpt":{"rendered":"<p>Privacy Statement (US)<\/p>\n","protected":false},"author":1,"featured_media":0,"parent":0,"menu_order":0,"comment_status":"closed","ping_status":"closed","template":"","meta":{"footnotes":""},"class_list":["post-540","page","type-page","status-publish","hentry"],"_links":{"self":[{"href":"https:\/\/photoseller.me\/sr\/wp-json\/wp\/v2\/pages\/540","targetHints":{"allow":["GET"]}}],"collection":[{"href":"https:\/\/photoseller.me\/sr\/wp-json\/wp\/v2\/pages"}],"about":[{"href":"https:\/\/photoseller.me\/sr\/wp-json\/wp\/v2\/types\/page"}],"author":[{"embeddable":true,"href":"https:\/\/photoseller.me\/sr\/wp-json\/wp\/v2\/users\/1"}],"replies":[{"embeddable":true,"href":"https:\/\/photoseller.me\/sr\/wp-json\/wp\/v2\/comments?post=540"}],"version-history":[{"count":3,"href":"https:\/\/photoseller.me\/sr\/wp-json\/wp\/v2\/pages\/540\/revisions"}],"predecessor-version":[{"id":2614,"href":"https:\/\/photoseller.me\/sr\/wp-json\/wp\/v2\/pages\/540\/revisions\/2614"}],"wp:attachment":[{"href":"https:\/\/photoseller.me\/sr\/wp-json\/wp\/v2\/media?parent=540"}],"curies":[{"name":"wp","href":"https:\/\/api.w.org\/{rel}","templated":true}]}}